{"id":25269,"date":"2023-10-30T16:40:04","date_gmt":"2023-10-30T16:40:04","guid":{"rendered":"https:\/\/getwisewithmoney.org\/tous-les-cours\/"},"modified":"2026-01-07T05:14:54","modified_gmt":"2026-01-07T05:14:54","slug":"tous-les-cours","status":"publish","type":"page","link":"https:\/\/getwisewithmoney.org\/fr\/tous-les-cours\/","title":{"rendered":"Tous les cours"},"content":{"rendered":"\t\t<div data-elementor-type=\"wp-page\" data-elementor-id=\"25269\" class=\"elementor elementor-25269 elementor-19540\" data-elementor-post-type=\"page\">\n\t\t\t\t<div class=\"elementor-element elementor-element-428c0bfb e-flex e-con-boxed e-con e-parent\" data-id=\"428c0bfb\" data-element_type=\"container\" data-settings=\"{&quot;background_background&quot;:&quot;classic&quot;}\">\n\t\t\t\t\t<div class=\"e-con-inner\">\n\t\t<div class=\"elementor-element elementor-element-3aa441fb e-con-full e-flex e-con e-child\" data-id=\"3aa441fb\" data-element_type=\"container\">\n\t\t\t\t<div class=\"elementor-element elementor-element-799070e9 elementor-invisible elementor-widget elementor-widget-heading\" data-id=\"799070e9\" data-element_type=\"widget\" data-settings=\"{&quot;_animation&quot;:&quot;fadeInUp&quot;,&quot;_animation_delay&quot;:200}\" data-widget_type=\"heading.default\">\n\t\t\t\t<div class=\"elementor-widget-container\">\n\t\t\t\t\t<h1 class=\"elementor-heading-title elementor-size-default\">D\u00e9couvrez tous nos cours<\/h1>\t\t\t\t<\/div>\n\t\t\t\t<\/div>\n\t\t\t\t<div class=\"elementor-element elementor-element-6c275097 animated-fast elementor-invisible elementor-widget elementor-widget-heading\" data-id=\"6c275097\" data-element_type=\"widget\" data-settings=\"{&quot;_animation&quot;:&quot;fadeInUp&quot;,&quot;_animation_delay&quot;:300}\" data-widget_type=\"heading.default\">\n\t\t\t\t<div class=\"elementor-widget-container\">\n\t\t\t\t\t<div class=\"elementor-heading-title elementor-size-default\">D\u00e9couvrez tous nos cours con\u00e7us par des experts pour am\u00e9liorer vos comp\u00e9tences en gestion de l\u2019argent, en budg\u00e9tisation et en planification financi\u00e8re. D\u00e9couvrez tous nos cours con\u00e7us par des experts pour am\u00e9liorer vos comp\u00e9tences en gestion de l\u2019argent, en budg\u00e9tisation et en planification financi\u00e8re.<\/div>\t\t\t\t<\/div>\n\t\t\t\t<\/div>\n\t\t\t\t<\/div>\n\t\t\t\t\t<\/div>\n\t\t\t\t<\/div>\n\t\t<div class=\"elementor-element elementor-element-7a6b602e e-flex e-con-boxed e-con e-parent\" data-id=\"7a6b602e\" data-element_type=\"container\">\n\t\t\t\t\t<div class=\"e-con-inner\">\n\t\t\t\t<div class=\"elementor-element elementor-element-5e1eec4b elementor-widget elementor-widget-edublink-tl-courses\" data-id=\"5e1eec4b\" data-element_type=\"widget\" data-widget_type=\"edublink-tl-courses.default\">\n\t\t\t\t<div class=\"elementor-widget-container\">\n\t\t\t\t\t<div class=\"edublink-course-widget-wrapper\"><div class=\"eb-tutor-archive-courses edublink-course-archive edublink-lms-courses-grid edublink-row\">            <div id=\"post-27212\" class=\"edublink-course-style-4 edublink-course-4-grid-item edublink-col-lg-4 edublink-col-md-6 edublink-col-sm-12 post-27212 courses type-courses status-publish has-post-thumbnail hentry\" class=\"edublink-course-style-4 edublink-course-4-grid-item edublink-col-lg-4 edublink-col-md-6 edublink-col-sm-12 post-27212 courses type-courses status-publish has-post-thumbnail hentry\"  data-sal>\n                <div class=\"edublink-single-course course-style-4\"><div class=\"inner\"><div class=\"thumbnail\"><a class=\"course-thumb\" href=\"https:\/\/getwisewithmoney.org\/fr\/courses\/budgeting-basics-copy-2\/\"><img decoding=\"async\" class=\"w-100\" src=\"https:\/\/getwisewithmoney.org\/wp-content\/uploads\/2024\/12\/2.png\" alt=\"2\"><\/a><div class=\"course-price price-round\">Gratuit<\/div><ul class=\"course-meta\"><li><i class=\"icon-24 icon-course\"><\/i>6 Le\u00e7ons<\/li><li><i class=\"icon-25 icon-course\"><\/i>0 \u00c9tudiants<\/li><\/ul><\/div><div class=\"content\"><h6 class=\"title\"><a href=\"https:\/\/getwisewithmoney.org\/fr\/courses\/budgeting-basics-copy-2\/\">Les bases de la budg\u00e9tisation<\/a><\/h6><\/div><\/div><\/div><\/div>            <div id=\"post-27239\" class=\"edublink-course-style-4 edublink-course-4-grid-item edublink-col-lg-4 edublink-col-md-6 edublink-col-sm-12 post-27239 courses type-courses status-publish has-post-thumbnail hentry\" class=\"edublink-course-style-4 edublink-course-4-grid-item edublink-col-lg-4 edublink-col-md-6 edublink-col-sm-12 post-27239 courses type-courses status-publish has-post-thumbnail hentry\"  data-sal>\n                <div class=\"edublink-single-course course-style-4\"><div class=\"inner\"><div class=\"thumbnail\"><a class=\"course-thumb\" href=\"https:\/\/getwisewithmoney.org\/fr\/courses\/saving-and-emergency-funds-arabic-copy-2\/\"><img decoding=\"async\" class=\"w-100\" src=\"https:\/\/getwisewithmoney.org\/wp-content\/uploads\/2024\/12\/3.png\" alt=\"3\"><\/a><div class=\"course-price price-round\">Gratuit<\/div><ul class=\"course-meta\"><li><i class=\"icon-24 icon-course\"><\/i>6 Le\u00e7ons<\/li><li><i class=\"icon-25 icon-course\"><\/i>0 \u00c9tudiants<\/li><\/ul><\/div><div class=\"content\"><h6 class=\"title\"><a href=\"https:\/\/getwisewithmoney.org\/fr\/courses\/saving-and-emergency-funds-arabic-copy-2\/\">\u00c9pargne et fonds d&#8217;urgence en arabe<\/a><\/h6><\/div><\/div><\/div><\/div>            <div id=\"post-27261\" class=\"edublink-course-style-4 edublink-course-4-grid-item edublink-col-lg-4 edublink-col-md-6 edublink-col-sm-12 post-27261 courses type-courses status-publish has-post-thumbnail hentry\" class=\"edublink-course-style-4 edublink-course-4-grid-item edublink-col-lg-4 edublink-col-md-6 edublink-col-sm-12 post-27261 courses type-courses status-publish has-post-thumbnail hentry\"  data-sal>\n                <div class=\"edublink-single-course course-style-4\"><div class=\"inner\"><div class=\"thumbnail\"><a class=\"course-thumb\" href=\"https:\/\/getwisewithmoney.org\/fr\/courses\/understanding-credit-and-debt-copy-2\/\"><img decoding=\"async\" class=\"w-100\" src=\"https:\/\/getwisewithmoney.org\/wp-content\/uploads\/2024\/12\/4-1.png\" alt=\"4\"><\/a><div class=\"course-price price-round\">Gratuit<\/div><ul class=\"course-meta\"><li><i class=\"icon-24 icon-course\"><\/i>2 Le\u00e7ons<\/li><li><i class=\"icon-25 icon-course\"><\/i>0 \u00c9tudiants<\/li><\/ul><\/div><div class=\"content\"><h6 class=\"title\"><a href=\"https:\/\/getwisewithmoney.org\/fr\/courses\/understanding-credit-and-debt-copy-2\/\">Comprendre le cr\u00e9dit et l\u2019endettement<\/a><\/h6><\/div><\/div><\/div><\/div>            <div id=\"post-27272\" class=\"edublink-course-style-4 edublink-course-4-grid-item edublink-col-lg-4 edublink-col-md-6 edublink-col-sm-12 post-27272 courses type-courses status-publish has-post-thumbnail hentry\" class=\"edublink-course-style-4 edublink-course-4-grid-item edublink-col-lg-4 edublink-col-md-6 edublink-col-sm-12 post-27272 courses type-courses status-publish has-post-thumbnail hentry\"  data-sal>\n                <div class=\"edublink-single-course course-style-4\"><div class=\"inner\"><div class=\"thumbnail\"><a class=\"course-thumb\" href=\"https:\/\/getwisewithmoney.org\/fr\/courses\/banking-and-financial-accounts-copy-2\/\"><img decoding=\"async\" class=\"w-100\" src=\"https:\/\/getwisewithmoney.org\/wp-content\/uploads\/2024\/12\/5-1.png\" alt=\"5\"><\/a><div class=\"course-price price-round\">Gratuit<\/div><ul class=\"course-meta\"><li><i class=\"icon-24 icon-course\"><\/i>2 Le\u00e7ons<\/li><li><i class=\"icon-25 icon-course\"><\/i>0 \u00c9tudiants<\/li><\/ul><\/div><div class=\"content\"><h6 class=\"title\"><a href=\"https:\/\/getwisewithmoney.org\/fr\/courses\/banking-and-financial-accounts-copy-2\/\">Comptes bancaires et financiers<\/a><\/h6><\/div><\/div><\/div><\/div>            <div id=\"post-27299\" class=\"edublink-course-style-4 edublink-course-4-grid-item edublink-col-lg-4 edublink-col-md-6 edublink-col-sm-12 post-27299 courses type-courses status-publish has-post-thumbnail hentry\" class=\"edublink-course-style-4 edublink-course-4-grid-item edublink-col-lg-4 edublink-col-md-6 edublink-col-sm-12 post-27299 courses type-courses status-publish has-post-thumbnail hentry\"  data-sal>\n                <div class=\"edublink-single-course course-style-4\"><div class=\"inner\"><div class=\"thumbnail\"><a class=\"course-thumb\" href=\"https:\/\/getwisewithmoney.org\/fr\/courses\/taxes-and-income-copy-2\/\"><img decoding=\"async\" class=\"w-100\" src=\"https:\/\/getwisewithmoney.org\/wp-content\/uploads\/2024\/12\/7.png\" alt=\"7\"><\/a><div class=\"course-price price-round\">Gratuit<\/div><ul class=\"course-meta\"><li><i class=\"icon-24 icon-course\"><\/i>6 Le\u00e7ons<\/li><li><i class=\"icon-25 icon-course\"><\/i>0 \u00c9tudiants<\/li><\/ul><\/div><div class=\"content\"><h6 class=\"title\"><a href=\"https:\/\/getwisewithmoney.org\/fr\/courses\/taxes-and-income-copy-2\/\">Imp\u00f4ts et revenus<\/a><\/h6><\/div><\/div><\/div><\/div>            <div id=\"post-27326\" class=\"edublink-course-style-4 edublink-course-4-grid-item edublink-col-lg-4 edublink-col-md-6 edublink-col-sm-12 post-27326 courses type-courses status-publish has-post-thumbnail hentry\" class=\"edublink-course-style-4 edublink-course-4-grid-item edublink-col-lg-4 edublink-col-md-6 edublink-col-sm-12 post-27326 courses type-courses status-publish has-post-thumbnail hentry\"  data-sal>\n                <div class=\"edublink-single-course course-style-4\"><div class=\"inner\"><div class=\"thumbnail\"><a class=\"course-thumb\" href=\"https:\/\/getwisewithmoney.org\/fr\/courses\/insurance-and-risk-management-copy-2\/\"><img decoding=\"async\" class=\"w-100\" src=\"https:\/\/getwisewithmoney.org\/wp-content\/uploads\/2024\/12\/9.png\" alt=\"9\"><\/a><div class=\"course-price price-round\">Gratuit<\/div><ul class=\"course-meta\"><li><i class=\"icon-24 icon-course\"><\/i>4 Le\u00e7ons<\/li><li><i class=\"icon-25 icon-course\"><\/i>0 \u00c9tudiants<\/li><\/ul><\/div><div class=\"content\"><h6 class=\"title\"><a href=\"https:\/\/getwisewithmoney.org\/fr\/courses\/insurance-and-risk-management-copy-2\/\">Assurance et gestion des risques<\/a><\/h6><\/div><\/div><\/div><\/div>            <div id=\"post-27338\" class=\"edublink-course-style-4 edublink-course-4-grid-item edublink-col-lg-4 edublink-col-md-6 edublink-col-sm-12 post-27338 courses type-courses status-publish has-post-thumbnail hentry\" class=\"edublink-course-style-4 edublink-course-4-grid-item edublink-col-lg-4 edublink-col-md-6 edublink-col-sm-12 post-27338 courses type-courses status-publish has-post-thumbnail hentry\"  data-sal>\n                <div class=\"edublink-single-course course-style-4\"><div class=\"inner\"><div class=\"thumbnail\"><a class=\"course-thumb\" href=\"https:\/\/getwisewithmoney.org\/fr\/courses\/retirement-planning-copy-2\/\"><img decoding=\"async\" class=\"w-100\" src=\"https:\/\/getwisewithmoney.org\/wp-content\/uploads\/2024\/12\/8.png\" alt=\"8\"><\/a><div class=\"course-price price-round\">Gratuit<\/div><ul class=\"course-meta\"><li><i class=\"icon-24 icon-course\"><\/i>6 Le\u00e7ons<\/li><li><i class=\"icon-25 icon-course\"><\/i>0 \u00c9tudiants<\/li><\/ul><\/div><div class=\"content\"><h6 class=\"title\"><a href=\"https:\/\/getwisewithmoney.org\/fr\/courses\/retirement-planning-copy-2\/\">Planification de la retraite<\/a><\/h6><\/div><\/div><\/div><\/div>            <div id=\"post-27350\" class=\"edublink-course-style-4 edublink-course-4-grid-item edublink-col-lg-4 edublink-col-md-6 edublink-col-sm-12 post-27350 courses type-courses status-publish has-post-thumbnail hentry\" class=\"edublink-course-style-4 edublink-course-4-grid-item edublink-col-lg-4 edublink-col-md-6 edublink-col-sm-12 post-27350 courses type-courses status-publish has-post-thumbnail hentry\"  data-sal>\n                <div class=\"edublink-single-course course-style-4\"><div class=\"inner\"><div class=\"thumbnail\"><a class=\"course-thumb\" href=\"https:\/\/getwisewithmoney.org\/fr\/courses\/advanced-topics-and-financial-independence-copy-2\/\"><img decoding=\"async\" class=\"w-100\" src=\"https:\/\/getwisewithmoney.org\/wp-content\/uploads\/2024\/12\/10.png\" alt=\"10\"><\/a><div class=\"course-price price-round\">Gratuit<\/div><ul class=\"course-meta\"><li><i class=\"icon-24 icon-course\"><\/i>6 Le\u00e7ons<\/li><li><i class=\"icon-25 icon-course\"><\/i>0 \u00c9tudiants<\/li><\/ul><\/div><div class=\"content\"><h6 class=\"title\"><a href=\"https:\/\/getwisewithmoney.org\/fr\/courses\/advanced-topics-and-financial-independence-copy-2\/\">Sujets avanc\u00e9s et ind\u00e9pendance financi\u00e8re<\/a><\/h6><\/div><\/div><\/div><\/div>            <div id=\"post-25455\" class=\"edublink-course-style-4 edublink-course-4-grid-item edublink-col-lg-4 edublink-col-md-6 edublink-col-sm-12 post-25455 courses type-courses status-publish has-post-thumbnail hentry\" class=\"edublink-course-style-4 edublink-course-4-grid-item edublink-col-lg-4 edublink-col-md-6 edublink-col-sm-12 post-25455 courses type-courses status-publish has-post-thumbnail hentry\"  data-sal>\n                <div class=\"edublink-single-course course-style-4\"><div class=\"inner\"><div class=\"thumbnail\"><a class=\"course-thumb\" href=\"https:\/\/getwisewithmoney.org\/fr\/courses\/introduction-a-la-litteratie-financiere\/\"><img decoding=\"async\" class=\"w-100\" src=\"https:\/\/getwisewithmoney.org\/wp-content\/uploads\/2024\/12\/1.png\" alt=\"1\"><\/a><div class=\"course-price price-round\">Gratuit<\/div><ul class=\"course-meta\"><li><i class=\"icon-24 icon-course\"><\/i>6 Le\u00e7ons<\/li><li><i class=\"icon-25 icon-course\"><\/i>1 \u00c9tudiants<\/li><\/ul><\/div><div class=\"content\"><h6 class=\"title\"><a href=\"https:\/\/getwisewithmoney.org\/fr\/courses\/introduction-a-la-litteratie-financiere\/\">Introduction \u00e0 la culture financi\u00e8re<\/a><\/h6><\/div><\/div><\/div><\/div>            <div id=\"post-27283\" class=\"edublink-course-style-4 edublink-course-4-grid-item edublink-col-lg-4 edublink-col-md-6 edublink-col-sm-12 post-27283 courses type-courses status-publish has-post-thumbnail hentry\" class=\"edublink-course-style-4 edublink-course-4-grid-item edublink-col-lg-4 edublink-col-md-6 edublink-col-sm-12 post-27283 courses type-courses status-publish has-post-thumbnail hentry\"  data-sal>\n                <div class=\"edublink-single-course course-style-4\"><div class=\"inner\"><div class=\"thumbnail\"><a class=\"course-thumb\" href=\"https:\/\/getwisewithmoney.org\/fr\/courses\/investing-essentials-copy-2\/\"><img decoding=\"async\" class=\"w-100\" src=\"https:\/\/getwisewithmoney.org\/wp-content\/uploads\/2026\/01\/\u0623\u0633\u0627\u0633\u064a\u0627\u062a-\u0627\u0644\u0645\u064a\u0632\u0627\u0646\u064a\u0629-11.png\" alt=\"\u0623\u0633\u0627\u0633\u064a\u0627\u062a \u0627\u0644\u0645\u064a\u0632\u0627\u0646\u064a\u0629 (11)\"><\/a><div class=\"course-price price-round\">Gratuit<\/div><ul class=\"course-meta\"><li><i class=\"icon-24 icon-course\"><\/i>6 Le\u00e7ons<\/li><li><i class=\"icon-25 icon-course\"><\/i>0 \u00c9tudiants<\/li><\/ul><\/div><div class=\"content\"><h6 class=\"title\"><a href=\"https:\/\/getwisewithmoney.org\/fr\/courses\/investing-essentials-copy-2\/\">Les fondamentaux de l&#8217;investissement<\/a><\/h6><\/div><\/div><\/div><\/div><\/div><\/div>\t\t\t\t<\/div>\n\t\t\t\t<\/div>\n\t\t\t\t\t<\/div>\n\t\t\t\t<\/div>\n\t\t\t\t<\/div>\n\t\t","protected":false},"excerpt":{"rendered":"<p>D\u00e9couvrez tous nos cours D\u00e9couvrez tous nos cours con\u00e7us par des experts pour am\u00e9liorer vos comp\u00e9tences en gestion de l\u2019argent, en budg\u00e9tisation et en planification financi\u00e8re. D\u00e9couvrez tous nos cours con\u00e7us par des experts pour am\u00e9liorer vos comp\u00e9tences en gestion de l\u2019argent, en budg\u00e9tisation et en planification financi\u00e8re. Free 0 Lessons 1 Students Introduction \u00e0&#8230;<\/p>\n","protected":false},"author":1,"featured_media":0,"parent":0,"menu_order":0,"comment_status":"closed","ping_status":"closed","template":"","meta":{"footnotes":""},"class_list":["post-25269","page","type-page","status-publish","hentry"],"_links":{"self":[{"href":"https:\/\/getwisewithmoney.org\/fr\/wp-json\/wp\/v2\/pages\/25269","targetHints":{"allow":["GET"]}}],"collection":[{"href":"https:\/\/getwisewithmoney.org\/fr\/wp-json\/wp\/v2\/pages"}],"about":[{"href":"https:\/\/getwisewithmoney.org\/fr\/wp-json\/wp\/v2\/types\/page"}],"author":[{"embeddable":true,"href":"https:\/\/getwisewithmoney.org\/fr\/wp-json\/wp\/v2\/users\/1"}],"replies":[{"embeddable":true,"href":"https:\/\/getwisewithmoney.org\/fr\/wp-json\/wp\/v2\/comments?post=25269"}],"version-history":[{"count":17,"href":"https:\/\/getwisewithmoney.org\/fr\/wp-json\/wp\/v2\/pages\/25269\/revisions"}],"predecessor-version":[{"id":27031,"href":"https:\/\/getwisewithmoney.org\/fr\/wp-json\/wp\/v2\/pages\/25269\/revisions\/27031"}],"wp:attachment":[{"href":"https:\/\/getwisewithmoney.org\/fr\/wp-json\/wp\/v2\/media?parent=25269"}],"curies":[{"name":"wp","href":"https:\/\/api.w.org\/{rel}","templated":true}]}}